{"id":2221,"date":"2025-08-21T14:28:50","date_gmt":"2025-08-21T14:28:50","guid":{"rendered":"https:\/\/adouaopinie.avalana.ro\/?page_id=2221"},"modified":"2025-11-18T11:45:14","modified_gmt":"2025-11-18T11:45:14","slug":"termeni-conditii","status":"publish","type":"page","link":"https:\/\/adouaopinie.avalana.ro\/index.php\/termeni-conditii\/","title":{"rendered":"Termeni &amp; Condi\u021bii"},"content":{"rendered":"\t\t<div data-elementor-type=\"wp-page\" data-elementor-id=\"2221\" class=\"elementor elementor-2221\" data-elementor-post-type=\"page\">\n\t\t\t\t<div class=\"elementor-element elementor-element-3c78f31 e-flex e-con-boxed e-con e-parent\" data-id=\"3c78f31\" data-element_type=\"container\" data-settings=\"{&quot;background_background&quot;:&quot;classic&quot;}\">\n\t\t\t\t\t<div class=\"e-con-inner\">\n\t\t<div class=\"elementor-element elementor-element-b1d824c e-con-full e-flex e-con e-child\" data-id=\"b1d824c\" data-element_type=\"container\">\n\t\t\t\t<div class=\"elementor-element elementor-element-d406fcb elementor-widget elementor-widget-heading\" data-id=\"d406fcb\" data-element_type=\"widget\" data-widget_type=\"heading.default\">\n\t\t\t\t<div class=\"elementor-widget-container\">\n\t\t\t\t\t<h2 class=\"elementor-heading-title elementor-size-default\">CONTRACT DE PRESTARE SERVICII, TERMENI \u0218I CONDI\u021aII<\/h2>\t\t\t\t<\/div>\n\t\t\t\t<\/div>\n\t\t\t\t<\/div>\n\t\t\t\t\t<\/div>\n\t\t\t\t<\/div>\n\t\t<div class=\"elementor-element elementor-element-611f29c e-flex e-con-boxed e-con e-parent\" data-id=\"611f29c\" data-element_type=\"container\">\n\t\t\t\t\t<div class=\"e-con-inner\">\n\t\t\t\t<div class=\"elementor-element elementor-element-23b96a2 elementor-widget elementor-widget-text-editor\" data-id=\"23b96a2\" data-element_type=\"widget\" data-widget_type=\"text-editor.default\">\n\t\t\t\t<div class=\"elementor-widget-container\">\n\t\t\t\t\t\t\t\t\t<p><strong>Contract de prestare servicii &#8220;A DOUA OPINIE \u2013 Pachet 1 Consultare ini\u021bial\u0103 &amp; Recomand\u0103ri&#8221;<\/strong><\/p><p style=\"text-align: left;\"><strong>Termeni \u0219i condi\u021bii<\/strong><\/p><p><em>Ultima actualizare: 20.10.2025<\/em><strong>\u00a0<\/strong><\/p><p><strong>Informa\u021bii generale\u00a0 \u00a0 \u00a0 \u00a0 \u00a0 \u00a0 \u00a0 \u00a0 \u00a0 \u00a0 \u00a0 \u00a0 \u00a0 \u00a0 \u00a0 \u00a0 \u00a0 \u00a0 \u00a0 \u00a0 \u00a0 \u00a0 \u00a0 \u00a0<\/strong><\/p><p>Acest document stabile\u0219te termenii \u0219i condi\u021biile de prestare a serviciilor de consultan\u021b\u0103 &#8220;A DOUA OPINIE Pachet 1 &#8211; Consultare ini\u021bial\u0103 &amp; Recomand\u0103ri&#8221;, oferit de YXS AVALANA S.R.L.<\/p><p>Prin achizi\u021bionarea Pachetului 1 &#8211; Consultare ini\u021bial\u0103 &amp; Recomand\u0103ri, Clientul confirm\u0103 c\u0103 a citit, \u00een\u021beles \u0219i acceptat prezentul document.<\/p><p><strong>1. P\u0103r\u021bile contractante \u0219i defini\u021bii.<\/strong><\/p><p>Prezentul contract se \u00eencheie \u00eentre:<\/p><p><strong>YXS AVALANA S.R.L.<\/strong> cu sediul social \u00een sat Valea Lupului, comuna Valea Lupului, str. Piscului, nr. 26B, CAM. 4, jude\u021bul Ia\u0219i, punct de lucru: Municipiul Ia\u0219i, str. Iancu Flondor, nr. 6D, spatiul DEMISOL, jude\u021bul Ia\u0219i, \u00eenregistrat\u0103 la Oficiul Registrul Comertului cu num\u0103rul de ordine J2011001776223, C.I.F. RO 29173603, cont nr.: RO96BRDE240SV92760112400 deschis la BRD Ia\u0219i, RO90INGB0000999909686972 deschis la ING Ia\u0219i, adresa de e-mail: office@avalana.ro, telefon: 0757068810, reprezentat\u0103 legal prin dna. M\u0103gureanu Adriana \u2013 Administrator, \u00een calitate de \u201c<strong>Prestator<\/strong>\u201d.<\/p><p><strong>Clientul, <\/strong>orice persoan\u0103 juridic\u0103, persoan\u0103 fizic\u0103 autorizat\u0103 sau persoan\u0103 fizic\u0103 care emite o comand\u0103 prin intermediul site-ului <a href=\"https:\/\/adouaopinie.avalana.ro\/\">https:\/\/adouaopinie.avalana.ro\/<\/a> .<\/p><p><strong>Defini\u021bii<\/strong><\/p><ul><li><strong>Site<\/strong>: domeniul <a href=\"https:\/\/avalana.ro\/\">https:\/\/avalana.ro\/<\/a> \u0219i subdomeniul <a href=\"https:\/\/adouaopinie.avalana.ro\/\">https:\/\/adouaopinie.avalana.ro\/<\/a>.<\/li><li><strong>Servicii<\/strong>: serviciile oferite de YXS AVALANA SRL prin site <a href=\"https:\/\/adouaopinie.avalana.ro\/\">https:\/\/adouaopinie.avalana.ro\/<\/a>, pe baz\u0103 de comand\u0103.<\/li><li><strong>Client<\/strong>: persoan\u0103 juridic\u0103, persoan\u0103 fizic\u0103 autorizat\u0103 sau persoan\u0103 fizic\u0103 care face o comand\u0103 ferm\u0103, prin intermediul site-ului <a href=\"https:\/\/adouaopinie.avalana.ro\/\">https:\/\/adouaopinie.avalana.ro\/<\/a> .<\/li><li><strong>Comanda<\/strong>: solicitarea Clientului pentru prestarea serviciilor de pe Site,\u00a0 prin completarea formularului electronic de comand\u0103\/rezervare \u0219i transmiterea acestuia c\u0103tre Prestator, \u00een condi\u021biile afi\u0219ate pe Site la momentul plas\u0103rii acesteia. Comanda devine ferm\u0103 \u0219i produce efecte contractuale numai dup\u0103 confirmarea pl\u0103\u021bii integrale \u00een avans de c\u0103tre Client \u0219i transmiterea confirm\u0103rii de c\u0103tre Prestator prin e-mail.<\/li><li><strong>Vizitator<\/strong>: persoan\u0103 fizic\u0103 sau juridic\u0103 care acceseaz\u0103 Site-ul f\u0103r\u0103 a face o Comand\u0103.<\/li><\/ul><p><strong>2. Obiectul contractului \u0219i acceptarea prezentului contract<\/strong><\/p><p>2.1<strong> \u00a0<\/strong>Obiectul contractului este reprezentat de prestarea serviciilor &#8211; &#8220;A DOUA OPINIE\u00a0 Pachet 1 &#8211; Consultare ini\u021bial\u0103 &amp; Recomand\u0103ri&#8221;, prin comand\u0103 efectuat\u0103 de Client pe site <a href=\"https:\/\/adouaopinie.avalana.ro\/\">https:\/\/adouaopinie.avalana.ro\/<\/a> \u00a0\u0219i confirmat\u0103 de Prestator.<\/p><p>Confirmarea comenzii este realizat\u0103 \u00een momentul \u00een care plata este acceptat\u0103 de c\u0103tre procesatorul de pl\u0103\u021bi integrat (Netopia) \u0219i exist\u0103 o confirmare electronic\u0103 (e-mail) din partea Prestatorului c\u0103tre Client, f\u0103r\u0103 a necesita o confirmare de primire din partea acestuia. Prestatorul nu consider\u0103 \u00een nici un moment o comand\u0103 neconfirmat\u0103 ca av\u00e2nd valoarea unui Contract.<\/p><p>2.2 Orice comand\u0103 implic\u0103 acceptarea necondi\u021bionat\u0103 a acestor termeni \u0219i condi\u021bii de c\u0103tre Client. Prin bifarea op\u021biunii \u201cAm citit \u0219i sunt de acord cu Contractul, Termeni si Conditii \u0219i <a href=\"https:\/\/adouaopinie.avalana.ro\/index.php\/politica-de-confidentialitate\">Politica de confiden\u021bialitate<\/a>\u201d afi\u0219at\u0103 \u00eenainte de finalizarea comenzii,\u00a0 Clientul accept\u0103 Contractul cu termenii si condi\u021biile Prestatorului pentru serviciile solicitate.\u00a0<\/p><p><strong>3. Pre\u021bul \u0219i plata serviciilor<\/strong><\/p><p>3.1 Pre\u021burile sunt afi\u0219ate pe site-ul Prestatorului <a href=\"https:\/\/adouaopinie.avalana.ro\/\">https:\/\/adouaopinie.avalana.ro\/<\/a>.<\/p><p>3.2 Plata serviciilor se realizeaz\u0103 \u00een avans, prin portal de plat\u0103 online securizat. Prin confirmarea pl\u0103\u021bii, intervalul orar devine rezervat.<\/p><p>3.3 \u00cen timpul solicit\u0103rii serviciilor, ziua \u0219i intervalul orar selectat vor fi rezervate pentru 30 de minute, p\u00e2n\u0103 la finalizarea pl\u0103\u021bii. Dup\u0103 expirarea acestui termen, plata poate fi efectuat\u0103, \u00eens\u0103 ziua \u0219i intervalul orar respectiv nu vor mai fi disponibile. Dac\u0103 plata a fost procesat\u0103 f\u0103r\u0103 confirmarea intervalului orar, Clientul va primi, prin e-mail, informa\u021bii privind reprogramarea \u00eent\u00e2lnirii sau, \u00een situa\u021bia \u00een care renun\u021b\u0103 la servicii, modalitatea de restituire a sumei achitate.<\/p><p>3.4 Pentru tranzac\u021biile in alt\u0103 moned\u0103, cursul de schimb aplicabil va fi cursul valutar al B\u0103ncii Na\u021bionale a Rom\u00e2niei (BNR) valabil la data proces\u0103rii pl\u0103\u021bii\/tranzac\u021biei.<\/p><p><strong>4. Prestarea serviciilor &#8220;A DOUA OPINIE \u2013 Pachet 1 Consultare ini\u021bial\u0103 &amp; Recomand\u0103ri&#8221;<\/strong><\/p><p>4.1 Dup\u0103 confirmarea comenzii de c\u0103tre Prestator, Clientul va primi prin e-mail factura de avans emis\u0103 de Prestator, \u00een urma pl\u0103\u021bii efectuate de Client;<\/p><p>4.2 Clientul va fi contactat telefonic de echipa YXS AVALANA SRL, \u00eenaintea zilei programate pentru \u00eent\u00e2lnire, cu scopul de a prelua informa\u021bii generale privind proiectul ce face obiectului serviciilor achizi\u021bionate.<\/p><p>4.3 \u00cen scopul prest\u0103rii serviciilor achizi\u021bionate de Client, Prestatorul poate solicita documente necesare pentru analiza proiectului.<\/p><p>4.4 Prestarea efectiv\u0103 serviciilor se va face \u00een cadrul unei \u00eent\u00e2lniri, cu durata prestabilit\u0103, care va avea loc la data \u0219i ora rezervate de Client \u00een comand\u0103 \u0219i \u00eentr-una dintre modalit\u0103\u021bile prezentate mai jos:<\/p><ul><li><em>Online (video-call)<\/em> \u2013 Google Meet, cu o durat\u0103 de 3 ore. Dup\u0103 confirmarea pl\u0103\u021bii, Clientul va primi prin e-mail, de la adresa <a href=\"mailto:adouaopinie@avalana.ro\">adouaopinie@avalana.ro<\/a>, urm\u0103toarele informa\u021bii: confirmarea proces\u0103rii comenzii, link de conectare, detalii despre prestarea serviciilor;<\/li><li><em>\u00cent\u00e2lnire la biroul YXS AVALANA SRL din Ia\u0219i, strada Iancu Flondor, nr. 6D, jud. Ia\u0219i,<\/em> cu o durat\u0103 de 3 ore;<\/li><li><em>Vizit\u0103 la loca\u021bia Clientului,<\/em> conform adresei completate \u00een formularul de comand\u0103, cu o durat\u0103 de 4 ore.<\/li><\/ul><p>4.5 Dup\u0103 finalizarea \u00eent\u00e2lnirii, Prestatorul va transmite, prin e-mail, un raport ce va con\u021bine informa\u021biile primite \u00een cadrul \u00eent\u00e2lnirii \u0219i un set de recomand\u0103ri realizat pe baza analizei acestora. Raportul marcheaz\u0103 finalizarea prest\u0103rii serviciilor &#8220;A DOUA OPINIE Pachetul 1 \u2013 Consultare ini\u021bial\u0103 &amp; Recomand\u0103ri&#8221;. \u00a0\u00cen continuare, clientul \u00ee\u0219i poate exprima inten\u021bia de a achizi\u021biona Pachetul 2 \u0219i\/sau Pachetul 3,\u00a0 direct c\u0103tre Prestator. Pre\u021bul \u0219i modalitatea de plat\u0103 se vor stabili \u00eentre Prestator \u0219i Client, \u00een func\u021bie de complexitatea proiectului \u0219i numai dup\u0103 finalizarea prest\u0103rii serviciilor &#8220;A DOUA OPINIE Pachet 1 \u2013 Consultare ini\u021bial\u0103 &amp; Recomand\u0103ri&#8221;.<\/p><p>4.6 Discu\u021biile din cadrul \u00eent\u00e2lnirii vor fi \u00eenregistrate de Prestator, numai cu acordul explicit al Clientului. Scopul exclusiv al \u00eenregistr\u0103rii este utilizarea informa\u021biilor comunicate de Client cu privire la proiect, pentru prestarea servicilor achizi\u021bionate (\u00een redactarea recomand\u0103rilor) \u0219i pentru \u00eembun\u0103t\u0103\u021birea serviciilor prestatorului. \u00cenregistrarea nu va fi transmis\u0103 c\u0103tre ter\u021bi.<\/p><p><strong>5. Politica de anulare<\/strong><\/p><p>5.1 \u00cen cazul dorin\u021bei de anulare a comenzii, Clientul poate contacta Prestatorul, prin e-mail <a href=\"mailto:adouaopinie@avalana.ro\">adouaopinie@avalana.ro<\/a> sau prin formularul de contact de pe site-ul <a href=\"https:\/\/adouaopinie.avalana.ro\">https:\/\/adouaopinie.avalana.ro<\/a> .<\/p><p>5.2 Serviciile &#8220;A DOUA OPINIE Pachet 1 &#8211; Consultare ini\u021bial\u0103 &amp; Recomand\u0103ri&#8221; pl\u0103tite de Client nu vor fi rambursate.<\/p><p>5.3 \u00cen cazul \u00een care Clientul dore\u0219te modificarea intervalului de timp men\u021bionat \u00een comand\u0103, acesta va transmite c\u0103tre Prestator, o solicitare de modificare prin prin e-mail <a href=\"mailto:adouaopinie@avalana.ro\">adouaopinie@avalana.ro<\/a> sau prin formularul de contact de pe site-ul <a href=\"https:\/\/adouaopinie.avalana.ro\">https:\/\/adouaopinie.avalana.ro<\/a> . Prestatorul va contacta clientul \u00een vederea comunic\u0103rii urmatorului interval de timp (data, or\u0103) disponibil \u0219i rezervarea acestuia.<\/p><p><strong>6. Drepturile \u0219i obliga\u021biile p\u0103r\u021bilor<\/strong><\/p><p>6.1 Prestatorul se angajeaz\u0103 s\u0103 livreze serviciile cu profesionalism \u0219i \u00een termenele agreate.<\/p><p>6.2 Prestatorul se angajeaz\u0103 s\u0103 respecte confiden\u021bialitatea datelor \u0219i informa\u021biilor primite \u00een procesul prest\u0103rii serviciilor.<\/p><p>6.3 Clientul se angajeaz\u0103 s\u0103 furnizeze informa\u021bii complete \u0219i corecte \u0219i s\u0103 respecte program\u0103rile f\u0103cute.<\/p><p><strong>7. Dreptul de proprietate intelectual\u0103 \u0219i industrial\u0103<\/strong><\/p><p>7.1 Clientul \u00een\u021belege dreptul de proprietate intelectual\u0103 \u0219i nu va dezv\u0103lui unei ter\u021be p\u0103r\u021bi sau va face publice nici una dintre inform\u0103rile \u0219i recomand\u0103rile primite de la Prestator.<\/p><p><strong>8. Limitarea r\u0103spunderii<\/strong><\/p><p>Recomand\u0103rile \u0219i solu\u021biile furnizate de Prestator au caracter consultativ \u0219i sprijin\u0103 procesul decizional al Clientului. Decizia final\u0103 privind aplicarea acestora apar\u021bine Clientului, cu \u00een\u021belegerea c\u0103 Prestatorul ac\u021bioneaz\u0103 cu diligen\u021b\u0103 \u0219i profesionalism.<\/p><p><strong>9.Legea aplicabil\u0103 \u0219i solu\u021bionarea litigiilor<\/strong><\/p><p>Prezentul document este guvernat de legisla\u021bia rom\u00e2n\u0103. Litigiile vor fi solu\u021bionate mai \u00eent\u00e2i pe cale amiabil\u0103, iar dac\u0103 acest lucru nu este posibil, de c\u0103tre instan\u021bele competente din <strong>jude\u021bul Ia\u0219i<\/strong>.<\/p><p><strong>Contact<\/strong><\/p><ul><li><strong>Denumire:<\/strong> YXS AVALANA S.R.L.<\/li><li><strong>Punct de lucru Ia\u0219i<\/strong><strong>:<\/strong> Ia\u0219i, Strada Iancu Flondor, nr. 6D<\/li><li><strong>Punct de lucru Gala\u021bi<\/strong><strong>:<\/strong> Gala\u021bi, Strada Prunari 10C (Complex Flora)<\/li><li><strong>C.I.F.:<\/strong> RO29173603<\/li><li><strong>Adres\u0103 de e-mail:<\/strong> <a href=\"mailto:adouaopinie@avalana.ro\">adouaopinie@avalana.ro<\/a> | <a href=\"mailto:office@avalana.ro\">office@avalana.ro<\/a><\/li><\/ul>\t\t\t\t\t\t\t\t<\/div>\n\t\t\t\t<\/div>\n\t\t\t\t\t<\/div>\n\t\t\t\t<\/div>\n\t\t\t\t<\/div>\n\t\t","protected":false},"excerpt":{"rendered":"<p>CONTRACT DE PRESTARE SERVICII, TERMENI \u0218I CONDI\u021aII Contract de prestare servicii &#8220;A DOUA OPINIE \u2013 Pachet 1 Consultare ini\u021bial\u0103 &amp; Recomand\u0103ri&#8221; Termeni \u0219i condi\u021bii Ultima actualizare: 20.10.2025\u00a0 Informa\u021bii generale\u00a0 \u00a0 \u00a0 \u00a0 \u00a0 \u00a0 \u00a0 \u00a0 \u00a0 \u00a0 \u00a0 \u00a0 \u00a0 \u00a0 \u00a0 \u00a0 \u00a0 \u00a0 \u00a0 \u00a0 \u00a0 \u00a0 \u00a0 \u00a0 Acest document stabile\u0219te [&hellip;]<\/p>\n","protected":false},"author":1,"featured_media":0,"parent":0,"menu_order":0,"comment_status":"closed","ping_status":"closed","template":"","meta":{"footnotes":""},"class_list":["post-2221","page","type-page","status-publish","hentry"],"yoast_head":"<!-- This site is optimized with the Yoast SEO plugin v25.1 - https:\/\/yoast.com\/wordpress\/plugins\/seo\/ -->\n<title>Termeni &amp; Condi\u021bii - Adriana<\/title>\n<meta name=\"robots\" content=\"index, follow, max-snippet:-1, max-image-preview:large, max-video-preview:-1\" \/>\n<link rel=\"canonical\" href=\"https:\/\/adouaopinie.avalana.ro\/index.php\/termeni-conditii\/\" \/>\n<meta property=\"og:locale\" content=\"en_US\" \/>\n<meta property=\"og:type\" content=\"article\" \/>\n<meta property=\"og:title\" content=\"Termeni &amp; Condi\u021bii - Adriana\" \/>\n<meta property=\"og:description\" content=\"CONTRACT DE PRESTARE SERVICII, TERMENI \u0218I CONDI\u021aII Contract de prestare servicii &#8220;A DOUA OPINIE \u2013 Pachet 1 Consultare ini\u021bial\u0103 &amp; Recomand\u0103ri&#8221; Termeni \u0219i condi\u021bii Ultima actualizare: 20.10.2025\u00a0 Informa\u021bii generale\u00a0 \u00a0 \u00a0 \u00a0 \u00a0 \u00a0 \u00a0 \u00a0 \u00a0 \u00a0 \u00a0 \u00a0 \u00a0 \u00a0 \u00a0 \u00a0 \u00a0 \u00a0 \u00a0 \u00a0 \u00a0 \u00a0 \u00a0 \u00a0 Acest document stabile\u0219te [&hellip;]\" \/>\n<meta property=\"og:url\" content=\"https:\/\/adouaopinie.avalana.ro\/index.php\/termeni-conditii\/\" \/>\n<meta property=\"og:site_name\" content=\"Adriana\" \/>\n<meta property=\"article:modified_time\" content=\"2025-11-18T11:45:14+00:00\" \/>\n<meta name=\"twitter:card\" content=\"summary_large_image\" \/>\n<meta name=\"twitter:label1\" content=\"Est. reading time\" \/>\n\t<meta name=\"twitter:data1\" content=\"6 minutes\" \/>\n<script type=\"application\/ld+json\" class=\"yoast-schema-graph\">{\"@context\":\"https:\/\/schema.org\",\"@graph\":[{\"@type\":\"WebPage\",\"@id\":\"https:\/\/adouaopinie.avalana.ro\/index.php\/termeni-conditii\/\",\"url\":\"https:\/\/adouaopinie.avalana.ro\/index.php\/termeni-conditii\/\",\"name\":\"Termeni &amp; Condi\u021bii - Adriana\",\"isPartOf\":{\"@id\":\"https:\/\/adouaopinie.avalana.ro\/#website\"},\"datePublished\":\"2025-08-21T14:28:50+00:00\",\"dateModified\":\"2025-11-18T11:45:14+00:00\",\"breadcrumb\":{\"@id\":\"https:\/\/adouaopinie.avalana.ro\/index.php\/termeni-conditii\/#breadcrumb\"},\"inLanguage\":\"en-US\",\"potentialAction\":[{\"@type\":\"ReadAction\",\"target\":[\"https:\/\/adouaopinie.avalana.ro\/index.php\/termeni-conditii\/\"]}]},{\"@type\":\"BreadcrumbList\",\"@id\":\"https:\/\/adouaopinie.avalana.ro\/index.php\/termeni-conditii\/#breadcrumb\",\"itemListElement\":[{\"@type\":\"ListItem\",\"position\":1,\"name\":\"Home\",\"item\":\"https:\/\/adouaopinie.avalana.ro\/\"},{\"@type\":\"ListItem\",\"position\":2,\"name\":\"Termeni &amp; Condi\u021bii\"}]},{\"@type\":\"WebSite\",\"@id\":\"https:\/\/adouaopinie.avalana.ro\/#website\",\"url\":\"https:\/\/adouaopinie.avalana.ro\/\",\"name\":\"Adriana & C\",\"description\":\"\",\"publisher\":{\"@id\":\"https:\/\/adouaopinie.avalana.ro\/#organization\"},\"potentialAction\":[{\"@type\":\"SearchAction\",\"target\":{\"@type\":\"EntryPoint\",\"urlTemplate\":\"https:\/\/adouaopinie.avalana.ro\/?s={search_term_string}\"},\"query-input\":{\"@type\":\"PropertyValueSpecification\",\"valueRequired\":true,\"valueName\":\"search_term_string\"}}],\"inLanguage\":\"en-US\"},{\"@type\":\"Organization\",\"@id\":\"https:\/\/adouaopinie.avalana.ro\/#organization\",\"name\":\"Adriana\",\"url\":\"https:\/\/adouaopinie.avalana.ro\/\",\"logo\":{\"@type\":\"ImageObject\",\"inLanguage\":\"en-US\",\"@id\":\"https:\/\/adouaopinie.avalana.ro\/#\/schema\/logo\/image\/\",\"url\":\"https:\/\/adouaopinie.avalana.ro\/wp-content\/uploads\/2025\/03\/favicon.png\",\"contentUrl\":\"https:\/\/adouaopinie.avalana.ro\/wp-content\/uploads\/2025\/03\/favicon.png\",\"width\":2134,\"height\":2134,\"caption\":\"Adriana\"},\"image\":{\"@id\":\"https:\/\/adouaopinie.avalana.ro\/#\/schema\/logo\/image\/\"}}]}<\/script>\n<!-- \/ Yoast SEO plugin. -->","yoast_head_json":{"title":"Termeni &amp; Condi\u021bii - Adriana","robots":{"index":"index","follow":"follow","max-snippet":"max-snippet:-1","max-image-preview":"max-image-preview:large","max-video-preview":"max-video-preview:-1"},"canonical":"https:\/\/adouaopinie.avalana.ro\/index.php\/termeni-conditii\/","og_locale":"en_US","og_type":"article","og_title":"Termeni &amp; Condi\u021bii - Adriana","og_description":"CONTRACT DE PRESTARE SERVICII, TERMENI \u0218I CONDI\u021aII Contract de prestare servicii &#8220;A DOUA OPINIE \u2013 Pachet 1 Consultare ini\u021bial\u0103 &amp; Recomand\u0103ri&#8221; Termeni \u0219i condi\u021bii Ultima actualizare: 20.10.2025\u00a0 Informa\u021bii generale\u00a0 \u00a0 \u00a0 \u00a0 \u00a0 \u00a0 \u00a0 \u00a0 \u00a0 \u00a0 \u00a0 \u00a0 \u00a0 \u00a0 \u00a0 \u00a0 \u00a0 \u00a0 \u00a0 \u00a0 \u00a0 \u00a0 \u00a0 \u00a0 Acest document stabile\u0219te [&hellip;]","og_url":"https:\/\/adouaopinie.avalana.ro\/index.php\/termeni-conditii\/","og_site_name":"Adriana","article_modified_time":"2025-11-18T11:45:14+00:00","twitter_card":"summary_large_image","twitter_misc":{"Est. reading time":"6 minutes"},"schema":{"@context":"https:\/\/schema.org","@graph":[{"@type":"WebPage","@id":"https:\/\/adouaopinie.avalana.ro\/index.php\/termeni-conditii\/","url":"https:\/\/adouaopinie.avalana.ro\/index.php\/termeni-conditii\/","name":"Termeni &amp; Condi\u021bii - Adriana","isPartOf":{"@id":"https:\/\/adouaopinie.avalana.ro\/#website"},"datePublished":"2025-08-21T14:28:50+00:00","dateModified":"2025-11-18T11:45:14+00:00","breadcrumb":{"@id":"https:\/\/adouaopinie.avalana.ro\/index.php\/termeni-conditii\/#breadcrumb"},"inLanguage":"en-US","potentialAction":[{"@type":"ReadAction","target":["https:\/\/adouaopinie.avalana.ro\/index.php\/termeni-conditii\/"]}]},{"@type":"BreadcrumbList","@id":"https:\/\/adouaopinie.avalana.ro\/index.php\/termeni-conditii\/#breadcrumb","itemListElement":[{"@type":"ListItem","position":1,"name":"Home","item":"https:\/\/adouaopinie.avalana.ro\/"},{"@type":"ListItem","position":2,"name":"Termeni &amp; Condi\u021bii"}]},{"@type":"WebSite","@id":"https:\/\/adouaopinie.avalana.ro\/#website","url":"https:\/\/adouaopinie.avalana.ro\/","name":"Adriana & C","description":"","publisher":{"@id":"https:\/\/adouaopinie.avalana.ro\/#organization"},"potentialAction":[{"@type":"SearchAction","target":{"@type":"EntryPoint","urlTemplate":"https:\/\/adouaopinie.avalana.ro\/?s={search_term_string}"},"query-input":{"@type":"PropertyValueSpecification","valueRequired":true,"valueName":"search_term_string"}}],"inLanguage":"en-US"},{"@type":"Organization","@id":"https:\/\/adouaopinie.avalana.ro\/#organization","name":"Adriana","url":"https:\/\/adouaopinie.avalana.ro\/","logo":{"@type":"ImageObject","inLanguage":"en-US","@id":"https:\/\/adouaopinie.avalana.ro\/#\/schema\/logo\/image\/","url":"https:\/\/adouaopinie.avalana.ro\/wp-content\/uploads\/2025\/03\/favicon.png","contentUrl":"https:\/\/adouaopinie.avalana.ro\/wp-content\/uploads\/2025\/03\/favicon.png","width":2134,"height":2134,"caption":"Adriana"},"image":{"@id":"https:\/\/adouaopinie.avalana.ro\/#\/schema\/logo\/image\/"}}]}},"_links":{"self":[{"href":"https:\/\/adouaopinie.avalana.ro\/index.php\/wp-json\/wp\/v2\/pages\/2221","targetHints":{"allow":["GET"]}}],"collection":[{"href":"https:\/\/adouaopinie.avalana.ro\/index.php\/wp-json\/wp\/v2\/pages"}],"about":[{"href":"https:\/\/adouaopinie.avalana.ro\/index.php\/wp-json\/wp\/v2\/types\/page"}],"author":[{"embeddable":true,"href":"https:\/\/adouaopinie.avalana.ro\/index.php\/wp-json\/wp\/v2\/users\/1"}],"replies":[{"embeddable":true,"href":"https:\/\/adouaopinie.avalana.ro\/index.php\/wp-json\/wp\/v2\/comments?post=2221"}],"version-history":[{"count":82,"href":"https:\/\/adouaopinie.avalana.ro\/index.php\/wp-json\/wp\/v2\/pages\/2221\/revisions"}],"predecessor-version":[{"id":2758,"href":"https:\/\/adouaopinie.avalana.ro\/index.php\/wp-json\/wp\/v2\/pages\/2221\/revisions\/2758"}],"wp:attachment":[{"href":"https:\/\/adouaopinie.avalana.ro\/index.php\/wp-json\/wp\/v2\/media?parent=2221"}],"curies":[{"name":"wp","href":"https:\/\/api.w.org\/{rel}","templated":true}]}}